{"id":140444,"date":"2024-05-24T03:23:53","date_gmt":"2024-05-24T00:23:53","guid":{"rendered":"https:\/\/daydreams.museum\/acknowledgements\/"},"modified":"2026-01-26T23:41:16","modified_gmt":"2026-01-26T20:41:16","slug":"credits","status":"publish","type":"page","link":"https:\/\/daydreams.museum\/en\/about\/credits\/","title":{"rendered":"Acknowledgements"},"content":{"rendered":"\n<p>We express heartfelt gratitude to:<\/p>\n\n\n\n<p>Danish Film Institute (DFI)<\/p>\n\n\n\n<p>S. D. Merkurov House-museum (Armenia)<\/p>\n\n\n\n<p>Royal Film Archive of Belgium<\/p>\n\n\n\n<p>Eye Filmmuseum<\/p>\n\n\n\n<p>University of Pittsburgh<\/p>\n\n\n\n<p>The Free University \/ Br\u012bv\u0101 Universit\u0101te <\/p>\n\n\n\n<p>Tikhoretsk Museum of History and Local Lore<\/p>\n\n\n\n<p>Scholars who have supported this project and agreed to give guest lectures for the members of our research team: Peter Bagrov, Philip Cavendish, Paolo Cherchi Usai, Stanislav Dedinskii, Marianna Kireeva, Evgenii Margolit, Rachel Morley, Tamara Shvediuk, and Yuri Tsivian<\/p>\n\n\n\n<p>Everyone who kindly shared their materials and supported the project at various stages, including Ivo Blom, Davy Hanegreefs, Polina Kasianova, Tatiana Kolovskaya, Leonid Mileiev, Sophia Parfeonova, Elif Rongen-Kaynak\u00e7i, Artem Sopin, and Casper Tybjerg<\/p>\n\n\n\n<p>Members of the research team <a href=\"https:\/\/hum.hse.ru\/filmprose\/\">Early Russian Film Prose<\/a>: Anna Andreeva, Alexander Anisimov, Anna Gudkova, Yulia Kozitskaya, Arina Ranneva, Sabina Shmakova, Nadezhda Shmulevich, Alexandra Zakharova<\/p>\n\n\n\n<p>Julian Graffy for the continued help and support in the research of early cinema<\/p>\n","protected":false},"excerpt":{"rendered":"<p>We express heartfelt gratitude to: Danish Film Institute (DFI) S. D. Merkurov House-museum (Armenia) Royal Film Archive of Belgium Eye Filmmuseum University of Pittsburgh The Free University \/ Br\u012bv\u0101 Universit\u0101te Tikhoretsk Museum of History and Local Lore Scholars who have supported this project and agreed to give guest lectures for the members of our research <a href=\"https:\/\/daydreams.museum\/en\/about\/credits\/\" class=\"more-link\">&#8230;<span class=\"screen-reader-text\">  Acknowledgements<\/span><\/a><\/p>\n","protected":false},"author":1,"featured_media":0,"parent":145838,"menu_order":5,"comment_status":"closed","ping_status":"closed","template":"page-about.php","meta":{"footnotes":""},"class_list":["post-140444","page","type-page","status-publish","hentry"],"acf":[],"_links":{"self":[{"href":"https:\/\/daydreams.museum\/en\/wp-json\/wp\/v2\/pages\/140444","targetHints":{"allow":["GET"]}}],"collection":[{"href":"https:\/\/daydreams.museum\/en\/wp-json\/wp\/v2\/pages"}],"about":[{"href":"https:\/\/daydreams.museum\/en\/wp-json\/wp\/v2\/types\/page"}],"author":[{"embeddable":true,"href":"https:\/\/daydreams.museum\/en\/wp-json\/wp\/v2\/users\/1"}],"replies":[{"embeddable":true,"href":"https:\/\/daydreams.museum\/en\/wp-json\/wp\/v2\/comments?post=140444"}],"version-history":[{"count":3,"href":"https:\/\/daydreams.museum\/en\/wp-json\/wp\/v2\/pages\/140444\/revisions"}],"predecessor-version":[{"id":147193,"href":"https:\/\/daydreams.museum\/en\/wp-json\/wp\/v2\/pages\/140444\/revisions\/147193"}],"up":[{"embeddable":true,"href":"https:\/\/daydreams.museum\/en\/wp-json\/wp\/v2\/pages\/145838"}],"wp:attachment":[{"href":"https:\/\/daydreams.museum\/en\/wp-json\/wp\/v2\/media?parent=140444"}],"curies":[{"name":"wp","href":"https:\/\/api.w.org\/{rel}","templated":true}]}}