{"id":145877,"date":"2024-05-24T02:47:53","date_gmt":"2024-05-23T23:47:53","guid":{"rendered":"https:\/\/daydreams.museum\/about\/o-nauchnoj-baze\/"},"modified":"2026-05-04T00:38:20","modified_gmt":"2026-05-03T21:38:20","slug":"base","status":"publish","type":"page","link":"https:\/\/daydreams.museum\/en\/","title":{"rendered":"About the Database"},"content":{"rendered":"\n<p><em>Daydreams<\/em> (\u00ab\u0413\u0440\u0435\u0437\u044b\u00bb) is the first scholarly database of feature films produced in the Russian Empire; it also includes films produced in its former territories during the first years after the October Revolution. It contains the most complete filmographies, synopses, and iconographic materials (such as promotional stills, posters, frame enlargements) for more than 2,500 films produced in 1907\u20141919.&nbsp;<\/p>\n\n\n\n<p>The title of the database comes from the canonical film by Evgenii Bauer, <em>Daydreams<\/em> (\u0413\u0440\u0435\u0437\u044b; 1915), an adaptation of Georges Rodenbach\u2019s novel <em>The Dead Bruges<\/em>. At the time, the concept of daydreams was among the most important in various reflections on and discussions of early Russian film; in this context,Maxim Gorky was the first to use the word \u201cdaydreams\u201d in his groundbreaking essay about cinema written in 1896. <em>Daydreams<\/em>, <em>Light Daydreams<\/em>, <em>Magical Daydreams<\/em> \u2014 dozens of motion picture theaters all over the country had such names.<\/p>\n\n\n\n<figure class=\"wp-block-image size-large\"><img loading=\"lazy\" decoding=\"async\" width=\"1024\" height=\"812\" src=\"https:\/\/daydreams.museum\/wp-content\/uploads\/page-about-1-grezy-1024x812.jpeg\" alt=\"\" class=\"wp-image-147417\" title=\"Promotional still for The Daydreams (\u00ab\u0413\u0440\u0435\u0437\u044b\u00bb; 1915, directed by Evgenii Bauer). Vestnik kinematografii 1915 (114\/15-16).\" srcset=\"https:\/\/daydreams.museum\/wp-content\/uploads\/page-about-1-grezy-1024x812.jpeg 1024w, https:\/\/daydreams.museum\/wp-content\/uploads\/page-about-1-grezy-300x238.jpeg 300w, https:\/\/daydreams.museum\/wp-content\/uploads\/page-about-1-grezy.jpeg 1256w\" sizes=\"auto, (max-width: 1024px) 100vw, 1024px\" \/><figcaption class=\"wp-element-caption\">Promotional still for <em>The Daydreams<\/em> (\u00ab<a href=\"https:\/\/daydreams.museum\/film\/433e0bccbcb6c450315fcd1fe2426f24\/\">\u0413\u0440\u0435\u0437\u044b<\/a>\u00bb; 1915, directed by Evgenii Bauer). <em>Vestnik kinematografii<\/em> 1915 (114\/15-16)<\/figcaption><\/figure>\n\n\n\n<p>This project was launched in January 2022 when Anna Kovalova started teaching an online course, \u201cCinema of the Russian Empire: History, Poetics, and Iconography,\u201d at Br\u012bv\u0101 Universit\u0101te \/ Free University. A group of students under her supervision began building up the database content, and this work has been supported by many scholars and volunteers since then. Data engineer Alexander Grebenkov has been developing the database and the website.<\/p>\n\n\n\n<h4 class=\"wp-block-heading\">Database Structure<\/h4>\n\n\n\n<p>The database is divided into sections chronologically, each section representing a year. Within the year, films are arranged alphabetically. It is also possible to arrange the films in alphabetical order. Each film has its own web page, where a filmography is followed by information on the film\u2019s survival status and the location of its script, if one exists. When it is possible to locate a film libretto\u2014an original film synopsis\u2014its full text is published after the filmography. In case several librettos are known to exist, all are published in their entirety. Illustrations such as production stills, posters, and frame enlargements are added to the page.<\/p>\n\n\n\n<p>The database is bilingual, Russian and English. Many sources, such as film posters and photos, do not require a translation, but all the filmographic and bibliographical references for each film are being translated into English. Currently, we have prepared brief English filmographic notes for films produced in 1917 and 1918; these translations do not include alternative titles, references, and synopses. For this information, please consult the Russian version of the database and use automatic translation tools when needed; proper English translations for all the materials will be added over time.<\/p>\n\n\n\n<figure class=\"wp-block-image size-large\"><img loading=\"lazy\" decoding=\"async\" width=\"760\" height=\"1024\" src=\"https:\/\/daydreams.museum\/wp-content\/uploads\/page-about-2-razbitye-grezy-760x1024.jpeg\" alt=\"\" class=\"wp-image-147419\" title=\"Advertisement for Memoria dell'altro (1914, directed by Alberto Degli Abbati) starring Lyda Borelli and Mario Bonnard which was distributed in the Russian Empire under the title Broken Daydreams (\u00ab\u0420\u0430\u0437\u0431\u0438\u0442\u044b\u0435 \u0433\u0440\u0435\u0437\u044b\u00bb). Kine-zhurnal\" srcset=\"https:\/\/daydreams.museum\/wp-content\/uploads\/page-about-2-razbitye-grezy-760x1024.jpeg 760w, https:\/\/daydreams.museum\/wp-content\/uploads\/page-about-2-razbitye-grezy-223x300.jpeg 223w, https:\/\/daydreams.museum\/wp-content\/uploads\/page-about-2-razbitye-grezy.jpeg 1187w\" sizes=\"auto, (max-width: 760px) 100vw, 760px\" \/><figcaption class=\"wp-element-caption\">Advertisement for <em>Memoria dell&#8217;altro <\/em>(1914, directed by Alberto Degli Abbati) starring Lyda Borelli and Mario Bonnard which was distributed in the Russian Empire under the title <em>Broken Daydreams<\/em> (\u00ab\u0420\u0430\u0437\u0431\u0438\u0442\u044b\u0435 \u0433\u0440\u0435\u0437\u044b\u00bb). <em>Kine-zhurnal<\/em> 1914 (1)<\/figcaption><\/figure>\n\n\n\n<h4 class=\"wp-block-heading\">Filmography<\/h4>\n\n\n\n<p>Filmographic notes were prepared by film scholar Aleksandr Deriabin based on all available filmographies and catalogs relevant to the period:<\/p>\n\n\n\n<ul class=\"wp-block-list ul_disc\">\n<li>Deriabin, Alexander, and Valerii Fomin, eds.&nbsp;<em>Letopis\u2019 rossiiskogo kino 1863\u20131929<\/em>. Moscow: Materik, 2004.<\/li>\n\n\n\n<li>Ivanova, Vera, Myl\u2019nikova, Viktoriia, Skovorodnikova, Svetlana, Tsivian, Yuri, and Yangirov, Rashit.&nbsp;<em>Velikii kinemo: Katalog sokhranivshikhsia igrovykh fil\u00b4mov Rossii 1908\u20131919<\/em>. Moscow: NLO, 2002.<\/li>\n\n\n\n<li><em>Kino-biulleten\u2019 Kino-komiteta Narodnogo komissariata prosveshcheniia: ukazatel\u2019 kartin, prosmotrennykh otdelom retsenzii Kinematograficheskogo komiteta Narodnogo komissariata prosvesh\u2019eniia<\/em>, vyp. 1 and 2. Moscow, 1918.<\/li>\n\n\n\n<li>Mislavskii, Vladimir.&nbsp;<em>Faktograficheskaia istoriia kino v Ukraine<\/em>, vols. 1 and 2. Kharkiv: Toring-plus, 2013.<\/li>\n\n\n\n<li>Semerchuk, Vladimir.&nbsp;<em>V starinnom rossiiskon illiuzione . . . annotirovannyi katalog sokharanivshikhsia igrovykh i animatsionnykh fil\u2019mov Rossii (1908\u20131919)<\/em>. Moscow: Gosfilmofond Rossii, 2013.<\/li>\n\n\n\n<li><em>Sovetskie khudozhesvennye fil\u2019my<\/em>. Annotirovannyi katalog, vol. 1. Iskusstvo, 1961.<\/li>\n\n\n\n<li>Vishnevskii, Veniamin. \u201cKatalog fil\u2019mov chastnogo proizvodstva.\u201d&nbsp;<em>Sovetskie khudozhesvennye fil\u2019my. Annotirovannyi katalog<\/em>, vol. 3. Iskusstvo, 1961, 248\u2013305.<\/li>\n\n\n\n<li>Vishnevskii, Veniamin.&nbsp;<em>Khudozhestvennyie fil\u2019my dorevoliutsionnoi Rossii<\/em>. Moscow: Goskinoizdat, 1945.<\/li>\n<\/ul>\n\n\n\n<p>Film historian Peter Bagrov is currently working on a new filmography, largely based on primary sources from the 1900s-1910s. Other scholars (such as Anna Kovalova, Viktoriia Safronova, and Irina Zubatenko) keep discovering new information. Scholarly editing of filmographic sources is an ongoing task that cannot be completed within certain time limits. Filmographic notes will be updated regularly, and all the database users willing to provide relevant information are welcome to take part in this process.<\/p>\n\n\n\n<h4 class=\"wp-block-heading\">Librettos<\/h4>\n\n\n\n<p>Synopses, or librettos, as they were known in Russia \u2014 short descriptions of film plots \u2014 were an important part of the film industry. In the first decades of narrative filmmaking in Russia, the trade press published librettos regularly; they were also reproduced in handbills that viewers could get at the motion picture theaters. The first attempt to collect film librettos in a scholarly database was made by Anna Kovalova and a group of undergraduate and graduate students of the Higher School of Economics University, Moscow. At the beginning of 2018, they launched a research team project, <em>Early Russian Film Prose<\/em>. The principal aim of this group was to gather the most complete collection of Russian film librettos from 1908 to 1917. This database is now available online; currently it contains 886 librettos<sup> <\/sup>.<\/p>\n\n\n\n<p>However, in many ways, this database was imperfect. The new project should use a different corpus of librettos. First of all, the old database contained librettos of films produced before 1918; the new one also includes librettos from 1918 to 1919, with the section of 1917 significantly expanded. Secondly, since the first database was launched, many new librettos from 1907 to 1916 have been found. For instance, in the old database, there is no libretto for <em>Anna Karenina<\/em> (1914, directed by Vladimir Gardin), an adaptation of Tolstoy\u2019s novel, which was very popular at the time and remains a canonical prerevolutionary film. The new database provides two librettos for the film. It became possible to add many new librettos due to expansion of sources that the current database is based on (on this, see below). Thirdly, the 2018 database was constructed according to a hierarchy of periodicals that does not appear relevant anymore. Following that system, if the database compilers had different versions of the same libretto, they always chose the one published in <em>Sine-Fono<\/em>. This journal was indeed the main film periodical in the Russian Empire, and that is exactly why it did not have enough space to publish the most complete versions of librettos. As one can see now, the <em>Sine-Fono<\/em> librettos are often shortened and usually lack titles of individual film parts that could be found in other sources. From this perspective, <em>Sine-Fono<\/em> should be the last source to take a libretto from; in most cases, it seems reasonable to check other sources when possible. One should consider each case individually, compare all versions, and choose the one which is the most complete. For instance, the periodical <em>Sinema-Pate<\/em>, published by Path\u00e9 Fr\u00eares, usually provides the most detailed librettos for films produced by that company.<\/p>\n\n\n\n<p>Currently, the new database provides librettos of films produced in 1917 and 1918. The remaining corpus will be added over time.<\/p>\n\n\n\n<h4 class=\"wp-block-heading\">Illustrations<\/h4>\n\n\n\n<p>Iconographic materials presented in the database are of many different kinds, yet most of them can be classified into three main groups: frame enlargements, promotional stills, film posters, and postcards.<\/p>\n\n\n\n<p><strong>Frame enlargements<\/strong>&nbsp;were made directly from the film. In some cases, they were taken from the surviving prints and negatives. Of special interest are frame clippings taken from the original nitrate prints from 1900s-1910s. They capture not only the original composition and lighting but the authentic colours as well (be that tinting, toning, stencil colouring, etc.). The latter is of particular value, since most of the films produced in the Russian Empire have survived in later black-and-white copies.<\/p>\n\n\n\n<figure class=\"wp-block-image size-large\"><img loading=\"lazy\" decoding=\"async\" width=\"1024\" height=\"678\" src=\"https:\/\/daydreams.museum\/wp-content\/uploads\/page-about-3-smert-bogov-1024x678.jpeg\" alt=\"\" class=\"wp-image-147421\" srcset=\"https:\/\/daydreams.museum\/wp-content\/uploads\/page-about-3-smert-bogov-1024x678.jpeg 1024w, https:\/\/daydreams.museum\/wp-content\/uploads\/page-about-3-smert-bogov-300x199.jpeg 300w, https:\/\/daydreams.museum\/wp-content\/uploads\/page-about-3-smert-bogov.jpeg 1600w\" sizes=\"auto, (max-width: 1024px) 100vw, 1024px\" \/><figcaption class=\"wp-element-caption\">Frame enlargement from <em>The Death of Gods<\/em> (\u00ab<a href=\"https:\/\/daydreams.museum\/film\/69c77081bf1ec76a1e09fe1afd251723\/\">\u0421\u043c\u0435\u0440\u0442\u044c \u0431\u043e\u0433\u043e\u0432<\/a>\u00bb; 1916, directed by Vladimir Kasianov). Courtesy of Polina Kasianova\u2019s family collection<\/figcaption><\/figure>\n\n\n\n<p><strong>Promotional stills<\/strong> were the basic tool for film producers and distributors to advertise a film. They were published widely in film and theater periodicals and in handbills, of which very few have survived. For scholars, promotional stills turn out to be the main source for reconstructing the visual style of a film that has been lost. They give an idea of the setting and costumes; often they are helpful for identifying actors. However, one should not rely on promotional stills too much; these photographs were rarely printed from the film itself \u2013 they are not frame enlargements. Usually, a studio photographer took them specifically for advertising purposes. That is why the lighting and setup are different from what one could see in the actual film.<\/p>\n\n\n\n<p><strong>Posters for films<\/strong> produced in the Russian Empire have been preserved in many museums and libraries; some of them are published in annotated albums and coffee-table books. Many of these posters reproduce promotional stills that could not be found in the trade press. Other posters do not feature any photographs, only graphic images. These can also provide useful information on specific films or cinema of the period in general.&nbsp;<\/p>\n\n\n\n<figure class=\"wp-block-image size-large\"><img loading=\"lazy\" decoding=\"async\" width=\"1024\" height=\"656\" src=\"https:\/\/daydreams.museum\/wp-content\/uploads\/page-about-4-maximov-holodnaja-1024x656.jpeg\" alt=\"\" class=\"wp-image-147423\" srcset=\"https:\/\/daydreams.museum\/wp-content\/uploads\/page-about-4-maximov-holodnaja-1024x656.jpeg 1024w, https:\/\/daydreams.museum\/wp-content\/uploads\/page-about-4-maximov-holodnaja-300x192.jpeg 300w, https:\/\/daydreams.museum\/wp-content\/uploads\/page-about-4-maximov-holodnaja.jpeg 1600w\" sizes=\"auto, (max-width: 1024px) 100vw, 1024px\" \/><figcaption class=\"wp-element-caption\">Postcard for <em>How They Lie<\/em> (\u00ab<a href=\"https:\/\/daydreams.museum\/film\/810ddf9a1c4bad61872cb49c3937cd5e\/\">\u041a\u0430\u043a \u043e\u043d\u0438 \u043b\u0433\u0443\u0442<\/a>\u00bb; 1917, directed by Viacheslav Viskovskii). Courtesy of Leonid Mileiev\u2019s collection<\/figcaption><\/figure>\n\n\n\n<p>In the Russian Empire, most film-related <strong>postcards<\/strong> were portraits of the biggest stars: Ivan Mozzhukhin, Vera Kholodnaya, Vitol\u2019d Polonskii, Zoia Barantsevich, and others. There were also postcards reproducing scenes from specific films. Many of these images duplicate promotional stills, but it is important to use them in the database whenever possible since postcards are usually of better quality than stills from periodicals.&nbsp;<\/p>\n\n\n\n<h4 class=\"wp-block-heading\">Sources<\/h4>\n\n\n\n<p>The principal sources for collecting synopses and iconographic materials are film and theatre periodicals of 1907 to 1919, which include:<\/p>\n\n\n\n<ul class=\"wp-block-list ul_disc\">\n<li><em>Ekran Rossii<\/em> (Russia\u2019s Screen), Moscow, 1916\u20131917<\/li>\n\n\n\n<li><em>Illiustrirovannaia kino-nedelia<\/em> (Illustrated Film Week), Moscow, 1918<\/li>\n\n\n\n<li><em>Iuzhanin<\/em> (The Southener), Rostov-on-Don, 1915\u20131916<\/li>\n\n\n\n<li><em>Kinematograf<\/em> (The Cinematograph), Rostov-on-Don, 1915<\/li>\n\n\n\n<li><em>Kinematograf <\/em>(The Cinematograph), St. Petersburg, 1915\u20131916<\/li>\n\n\n\n<li><em>Kinematograficheskii teatr<\/em> (The Cinematograph Theatre), St. Petersburg, 1910\u20131911<\/li>\n\n\n\n<li><em>Kinemo<\/em>, Moscow, 1909\u20131910<\/li>\n\n\n\n<li><em>Kine-zhurnal<\/em> (Cine-Journal), Moscow, 1910\u20131917<\/li>\n\n\n\n<li><em>Kino<\/em> (Cinema), Riga, 1916<\/li>\n\n\n\n<li><em>Kino-gazeta<\/em> (Cinema Newspaper), Moscow, 1918<\/li>\n\n\n\n<li><em>Kino-kurier<\/em> (Cine-Courier), St. Petersburg, 1913\u20131914<\/li>\n\n\n\n<li><em>Kino-teatr<\/em> (Motion Picture Theater), Moscow, 1918\u20131919<\/li>\n\n\n\n<li><em>Kino-teatr i sport<\/em> (Cinema, Theater, and Sport), Warsaw, 1914<\/li>\n<\/ul>\n\n\n\n<figure class=\"wp-block-image size-large\"><img loading=\"lazy\" decoding=\"async\" width=\"742\" height=\"1024\" src=\"https:\/\/daydreams.museum\/wp-content\/uploads\/page-about-5-kinoteatr-i-sport-742x1024.jpeg\" alt=\"\" class=\"wp-image-147425\" srcset=\"https:\/\/daydreams.museum\/wp-content\/uploads\/page-about-5-kinoteatr-i-sport-742x1024.jpeg 742w, https:\/\/daydreams.museum\/wp-content\/uploads\/page-about-5-kinoteatr-i-sport-217x300.jpeg 217w, https:\/\/daydreams.museum\/wp-content\/uploads\/page-about-5-kinoteatr-i-sport.jpeg 1400w\" sizes=\"auto, (max-width: 742px) 100vw, 742px\" \/><figcaption class=\"wp-element-caption\">Cover of the Polish magazine <em><a href=\"https:\/\/daydreams.museum\/publication\/kino-teatr-i-sport\/\">Kino-teatr i sport<\/a><\/em><\/figcaption><\/figure>\n\n\n\n<ul class=\"wp-block-list ul_disc\">\n<li><em>Kurier sinematografii<\/em> (The Cinematography Courier), Revel (now Tallinn), 1913<\/li>\n\n\n\n<li><em>Mel\u2019pomena <\/em>(Melpomene), Odessa, 1918\u20131919<\/li>\n\n\n\n<li><em>Mir ekrana<\/em> (Screen World), Moscow, 1918<\/li>\n\n\n\n<li><em>Nemoe iskusstvo<\/em> (Silent Art), Moscow, 1918<\/li>\n\n\n\n<li><em>Pegas <\/em>(Pegasus), Moscow, 1915\u20131917<\/li>\n\n\n\n<li><em>Proektor <\/em>(Projector), Moscow, 1915\u20131918<\/li>\n\n\n\n<li><em>Sine-Fono<\/em> (Cine-Phono), Moscow, 1907\u20131918<\/li>\n\n\n\n<li><em>Sinema<\/em> (also known as <em>Kinema<\/em>) [Cinema], Rostov on Don, 1913\u20131916<\/li>\n\n\n\n<li><em>Sinema-Pate <\/em>(Cinema- Path\u00e9), Moscow, 1910\u20131914<\/li>\n\n\n\n<li><em>Teatral\u2019naia gazeta<\/em> (Theatre Newspaper), Moscow, 1913\u20131918<\/li>\n\n\n\n<li><em>Vestnik kinematografii<\/em> (The Herald of Cinematography), Moscow, 1911\u20131917<\/li>\n\n\n\n<li><em>Vestnik zhivoi fotografii <\/em>(The Herald of Living Photography), St. Petersburg, 1909<\/li>\n\n\n\n<li><em>Zhivoi ekran <\/em>(The Living Screen), Rostov-on-Don, 1912\u20131917<\/li>\n<\/ul>\n\n\n\n<p>Handbills preserved at museums, libraries, archives, as well as at private collections have also become an important source for the database. The editorial team is deeply grateful to individuals who have shared their unique collections.<\/p>\n\n\n\n<h4 class=\"wp-block-heading\">Copyright Note<\/h4>\n\n\n\n<p>You are welcome to use the <em>Daydreams <\/em>materials for educational and scholarly purposes as long as you credit the database appropriately. When using images and quoting texts, please credit <em>Daydreams<\/em> in the following (or an equivalent) style: <em>Daydreams<\/em> Database: Cinema of the Russian Empire and Beyond [edited by Anna Kovalova, developed by Alexander Grebenkov] <a href=\"https:\/\/daydreams.museum\/\">https:\/\/daydreams.museum\/<\/a>.<\/p>\n","protected":false},"excerpt":{"rendered":"<p>Daydreams (\u00ab\u0413\u0440\u0435\u0437\u044b\u00bb) is the first scholarly database of feature films produced in the Russian Empire; it also includes films produced in its former territories during the first years after the October Revolution. It contains the most complete filmographies, synopses, and iconographic materials (such as promotional stills, posters, frame enlargements) for more than 2,500 films produced <a href=\"https:\/\/daydreams.museum\/en\/\" class=\"more-link\">&#8230;<span class=\"screen-reader-text\">  About the Database<\/span><\/a><\/p>\n","protected":false},"author":1,"featured_media":0,"parent":145838,"menu_order":0,"comment_status":"closed","ping_status":"closed","template":"page-about.php","meta":{"footnotes":""},"class_list":["post-145877","page","type-page","status-publish","hentry"],"acf":[],"_links":{"self":[{"href":"https:\/\/daydreams.museum\/en\/wp-json\/wp\/v2\/pages\/145877","targetHints":{"allow":["GET"]}}],"collection":[{"href":"https:\/\/daydreams.museum\/en\/wp-json\/wp\/v2\/pages"}],"about":[{"href":"https:\/\/daydreams.museum\/en\/wp-json\/wp\/v2\/types\/page"}],"author":[{"embeddable":true,"href":"https:\/\/daydreams.museum\/en\/wp-json\/wp\/v2\/users\/1"}],"replies":[{"embeddable":true,"href":"https:\/\/daydreams.museum\/en\/wp-json\/wp\/v2\/comments?post=145877"}],"version-history":[{"count":3,"href":"https:\/\/daydreams.museum\/en\/wp-json\/wp\/v2\/pages\/145877\/revisions"}],"predecessor-version":[{"id":147430,"href":"https:\/\/daydreams.museum\/en\/wp-json\/wp\/v2\/pages\/145877\/revisions\/147430"}],"up":[{"embeddable":true,"href":"https:\/\/daydreams.museum\/en\/wp-json\/wp\/v2\/pages\/145838"}],"wp:attachment":[{"href":"https:\/\/daydreams.museum\/en\/wp-json\/wp\/v2\/media?parent=145877"}],"curies":[{"name":"wp","href":"https:\/\/api.w.org\/{rel}","templated":true}]}}